{"id":503,"date":"2024-07-10T11:27:55","date_gmt":"2024-07-10T09:27:55","guid":{"rendered":"https:\/\/rivieravenezia.it\/?page_id=503"},"modified":"2024-12-20T13:11:18","modified_gmt":"2024-12-20T12:11:18","slug":"specialoffer","status":"publish","type":"page","link":"https:\/\/rivieravenezia.it\/de\/specialoffer\/","title":{"rendered":"Special"},"content":{"rendered":"<div data-elementor-type=\"wp-page\" data-elementor-id=\"503\" class=\"elementor elementor-503\" data-elementor-post-type=\"page\">\n\t\t\t\t<div class=\"elementor-element elementor-element-5926efe e-flex e-con-boxed e-con e-parent\" data-id=\"5926efe\" data-element_type=\"container\" data-e-type=\"container\" data-settings=\"{&quot;background_background&quot;:&quot;classic&quot;}\">\n\t\t\t\t\t<div class=\"e-con-inner\">\n\t\t\t\t<div class=\"elementor-element elementor-element-88522f7 animated-slow elementor-invisible elementor-widget elementor-widget-heading\" data-id=\"88522f7\" data-element_type=\"widget\" data-e-type=\"widget\" data-settings=\"{&quot;_animation&quot;:&quot;slideInUp&quot;}\" data-widget_type=\"heading.default\">\n\t\t\t\t<div class=\"elementor-widget-container\">\n\t\t\t\t\t<h2 class=\"elementor-heading-title elementor-size-default\">Angebote<\/h2>\t\t\t\t<\/div>\n\t\t\t\t<\/div>\n\t\t\t\t<div class=\"elementor-element elementor-element-25312be elementor-widget elementor-widget-text-editor\" data-id=\"25312be\" data-element_type=\"widget\" data-e-type=\"widget\" data-widget_type=\"text-editor.default\">\n\t\t\t\t<div class=\"elementor-widget-container\">\n\t\t\t\t\t\t\t\t\t<p>F\u00fcr Ihren Aufenthalt im Hotel Riviera<\/p>\t\t\t\t\t\t\t\t<\/div>\n\t\t\t\t<\/div>\n\t\t\t\t\t<\/div>\n\t\t\t\t<\/div>\n\t\t<div class=\"elementor-element elementor-element-aa92276 e-flex e-con-boxed e-con e-parent\" data-id=\"aa92276\" data-element_type=\"container\" data-e-type=\"container\">\n\t\t\t\t\t<div class=\"e-con-inner\">\n\t\t\t\t<div class=\"elementor-element elementor-element-83e38b6 elementor-widget elementor-widget-spacer\" data-id=\"83e38b6\" data-element_type=\"widget\" data-e-type=\"widget\" data-widget_type=\"spacer.default\">\n\t\t\t\t<div class=\"elementor-widget-container\">\n\t\t\t\t\t\t\t<div class=\"elementor-spacer\">\n\t\t\t<div class=\"elementor-spacer-inner\"><\/div>\n\t\t<\/div>\n\t\t\t\t\t\t<\/div>\n\t\t\t\t<\/div>\n\t\t\t\t<div class=\"elementor-element elementor-element-75f336b elementor-widget elementor-widget-text-editor\" data-id=\"75f336b\" data-element_type=\"widget\" data-e-type=\"widget\" data-widget_type=\"text-editor.default\">\n\t\t\t\t<div class=\"elementor-widget-container\">\n\t\t\t\t\t\t\t\t\t<!-- notionvc: 164deabc-5182-412a-b30a-02f8b8491661 --><p><span style=\"color: var( --e-global-color-text );\">Hier im Hotel Riviera freuen wir uns, Ihnen exklusive Angebote und Pakete pr\u00e4sentieren zu k\u00f6nnen, die Ihren venezianischen Aufenthalt noch angenehmer machen. Egal, ob Sie eine romantische Auszeit, einen Familienurlaub oder ein Solo-Abenteuer planen, unsere speziellen Angebote bieten au\u00dfergew\u00f6hnlichen Wert und einzigartige Erlebnisse, die auf Ihre Bed\u00fcrfnisse zugeschnitten sind. Entdecken Sie unsere aktuellen Aktionen und finden Sie heraus, wie Sie das Beste aus Ihrem Aufenthalt bei uns herausholen k\u00f6nnen, indem Sie luxuri\u00f6se Unterk\u00fcnfte, k\u00f6stliche Speisen und unvergessliche Ausfl\u00fcge genie\u00dfen. Lassen Sie uns Ihnen helfen, mit unseren sorgf\u00e4ltig zusammengestellten Angeboten unvergessliche Erinnerungen zu schaffen.<\/span><span style=\"color: var( --e-global-color-text );\">\u00a0<\/span><\/p>\t\t\t\t\t\t\t\t<\/div>\n\t\t\t\t<\/div>\n\t\t\t\t\t<\/div>\n\t\t\t\t<\/div>\n\t\t<div class=\"elementor-element elementor-element-4feff38 e-flex e-con-boxed e-con e-parent\" data-id=\"4feff38\" data-element_type=\"container\" data-e-type=\"container\">\n\t\t\t\t\t<div class=\"e-con-inner\">\n\t\t<a class=\"elementor-element elementor-element-299e0d4 e-con-full e-flex e-con e-child\" data-id=\"299e0d4\" data-element_type=\"container\" data-e-type=\"container\" href=\"https:\/\/www.simplebooking.it\/ibe\/search?hid=6116&#038;lang=EN&#038;cur=EUR#\/q&#038;guests=A,A&#038;in=2025-02-12&#038;out=2025-04-30&#038;coupon=\">\n\t\t\t\t<div class=\"elementor-element elementor-element-4519387 elementor-widget__width-initial elementor-cta--skin-classic elementor-animated-content elementor-bg-transform elementor-bg-transform-zoom-in elementor-widget elementor-widget-call-to-action\" data-id=\"4519387\" data-element_type=\"widget\" data-e-type=\"widget\" data-widget_type=\"call-to-action.default\">\n\t\t\t\t<div class=\"elementor-widget-container\">\n\t\t\t\t\t\t\t<a class=\"elementor-cta\" href=\"https:\/\/www.simplebooking.it\/ibe\/hotelbooking\/search?hid=6116&#038;lang=DE#\/offer&#038;offerId=180574\">\n\t\t\t\t\t<div class=\"elementor-cta__bg-wrapper\">\n\t\t\t\t<div class=\"elementor-cta__bg elementor-bg\" style=\"background-image: url(https:\/\/i0.wp.com\/rivieravenezia.it\/wp-content\/uploads\/2024\/08\/summer-2024.webp?fit=672%2C448&#038;ssl=1);\" role=\"img\" aria-label=\"summer 2024\"><\/div>\n\t\t\t\t<div class=\"elementor-cta__bg-overlay\"><\/div>\n\t\t\t<\/div>\n\t\t\t\t\t\t\t<div class=\"elementor-cta__content\">\n\t\t\t\t\n\t\t\t\t\t\t\t\t\t<h2 class=\"elementor-cta__title elementor-cta__content-item elementor-content-item\">\n\t\t\t\t\t\t EARLY BIRDS - 2025\t\t\t\t\t<\/h2>\n\t\t\t\t\n\t\t\t\t\t\t\t\t\t<div class=\"elementor-cta__description elementor-cta__content-item elementor-content-item\">\n\t\t\t\t\t\t14.02. \u2013 30.04.2025 + 19.10 -. 30.11.2025\n\n<br> <br>WER ZUERST KOMMT MAHLT ZUERST!<br>\nProfitieren Sie von unserem 30% Rabatt und buchen Sie sofort Ihren n\u00e4chsten Aufenthalt.\n<br>NON REFUNDABLE Reservierungen m\u00fcssen im Voraus bezahlt werden.\nKeine R\u00fcckerstattung bei \u00c4nderung oder Stornierung Ihrer Reservierung\t\t\t\t\t<\/div>\n\t\t\t\t\n\t\t\t\t\t\t\t\t\t<div class=\"elementor-cta__button-wrapper elementor-cta__content-item elementor-content-item\">\n\t\t\t\t\t<span class=\"elementor-cta__button elementor-button elementor-size-\">\n\t\t\t\t\t\tBook now\t\t\t\t\t<\/span>\n\t\t\t\t\t<\/div>\n\t\t\t\t\t\t\t<\/div>\n\t\t\t\t\t\t<\/a>\n\t\t\t\t\t\t<\/div>\n\t\t\t\t<\/div>\n\t\t\t\t<\/a>\n\t\t\t\t\t<\/div>\n\t\t\t\t<\/div>\n\t\t<div class=\"elementor-element elementor-element-b55e4e1 e-flex e-con-boxed e-con e-parent\" data-id=\"b55e4e1\" data-element_type=\"container\" data-e-type=\"container\">\n\t\t\t\t\t<div class=\"e-con-inner\">\n\t\t\t\t<div class=\"elementor-element elementor-element-266c4f4 elementor-widget elementor-widget-spacer\" data-id=\"266c4f4\" data-element_type=\"widget\" data-e-type=\"widget\" data-widget_type=\"spacer.default\">\n\t\t\t\t<div class=\"elementor-widget-container\">\n\t\t\t\t\t\t\t<div class=\"elementor-spacer\">\n\t\t\t<div class=\"elementor-spacer-inner\"><\/div>\n\t\t<\/div>\n\t\t\t\t\t\t<\/div>\n\t\t\t\t<\/div>\n\t\t\t\t\t<\/div>\n\t\t\t\t<\/div>\n\t\t\t\t<\/div>","protected":false},"excerpt":{"rendered":"<p>Special Offer for your stay in Hotel Riviera Here at Hotel Riviera, we are delighted to present exclusive deals and packages designed to enhance your Venetian getaway. Whether you&#8217;re planning a romantic escape, a family vacation, or a solo adventure, our special offers provide exceptional value and unique experiences tailored to your needs. Explore our [&hellip;]<\/p>\n","protected":false},"author":227250896,"featured_media":0,"parent":0,"menu_order":0,"comment_status":"closed","ping_status":"closed","template":"elementor_header_footer","meta":{"_crdt_document":"","advanced_seo_description":"","jetpack_seo_html_title":"","jetpack_seo_noindex":false,"footnotes":""},"class_list":["post-503","page","type-page","status-publish","hentry"],"jetpack_likes_enabled":true,"jetpack_sharing_enabled":true,"jetpack_shortlink":"https:\/\/wp.me\/PfR0Am-87","jetpack-related-posts":[{"id":540,"url":"https:\/\/rivieravenezia.it\/de\/summer-2024\/","url_meta":{"origin":503,"position":0},"title":"Summer 2024 &#8211; At Hotel Riviera\u200b","author":"Johannes Unterkofler","date":"11. Juli 2024","format":false,"excerpt":"Summer 2024 - At Hotel Riviera This summer, immerse yourself in the ultimate relaxation and luxury at Hotel Riviera. Enjoy the warm, sunny days and vibrant atmosphere of Venice with our specially curated packages designed to make your summer getaway unforgettable. Whether you're seeking a romantic escape, a family adventure,\u2026","rel":"","context":"\u00c4hnlicher Beitrag","block_context":{"text":"\u00c4hnlicher Beitrag","link":""},"img":{"alt_text":"","src":"https:\/\/i0.wp.com\/rivieravenezia.it\/wp-content\/uploads\/2024\/07\/hotel-bed.png?resize=350%2C200&ssl=1","width":350,"height":200},"classes":[]},{"id":337,"url":"https:\/\/rivieravenezia.it\/de\/comfort\/","url_meta":{"origin":503,"position":1},"title":"Comfort","author":"Johannes Unterkofler","date":"5. Juli 2024","format":false,"excerpt":"Comfort Room Spacious and elegantly designed in true Venetian style, these rooms offer breathtaking panoramic views of Venice or the serene lagoon. They are the perfect choice for an unforgettable experience in Venice, ideal for celebrating special moments such as honeymoons, anniversaries, or any other significant occasion. Each room provides\u2026","rel":"","context":"\u00c4hnlicher Beitrag","block_context":{"text":"\u00c4hnlicher Beitrag","link":""},"img":{"alt_text":"","src":"","width":0,"height":0},"classes":[]},{"id":344,"url":"https:\/\/rivieravenezia.it\/de\/classic\/","url_meta":{"origin":503,"position":2},"title":"Classic","author":"Johannes Unterkofler","date":"5. Juli 2024","format":false,"excerpt":"Classic Room Spacious and elegantly designed in true Venetian style, these rooms offer breathtaking panoramic views of Venice or the serene lagoon. They are the perfect choice for an unforgettable experience in Venice, ideal for celebrating special moments such as honeymoons, anniversaries, or any other significant occasion. Each room provides\u2026","rel":"","context":"\u00c4hnlicher Beitrag","block_context":{"text":"\u00c4hnlicher Beitrag","link":""},"img":{"alt_text":"","src":"","width":0,"height":0},"classes":[]},{"id":505,"url":"https:\/\/rivieravenezia.it\/de\/five-reasons-why\/","url_meta":{"origin":503,"position":3},"title":"five reasons why","author":"Johannes Unterkofler","date":"10. Juli 2024","format":false,"excerpt":"Five good reasons... HOTEL. RIVIERA. VENICE ...to choose Hotel Riviera Choosing our hotel means indulging in the perfect blend of traditional Venetian charm and modern comfort. Here are five compelling reasons why Hotel Riviera is the ideal choice for your stay in Venice. From our unparalleled location offering stunning views\u2026","rel":"","context":"\u00c4hnlicher Beitrag","block_context":{"text":"\u00c4hnlicher Beitrag","link":""},"img":{"alt_text":"","src":"https:\/\/i0.wp.com\/rivieravenezia.it\/wp-content\/uploads\/2024\/08\/2-892x892.webp?resize=350%2C200&ssl=1","width":350,"height":200,"srcset":"https:\/\/i0.wp.com\/rivieravenezia.it\/wp-content\/uploads\/2024\/08\/2-892x892.webp?resize=350%2C200&ssl=1 1x, https:\/\/i0.wp.com\/rivieravenezia.it\/wp-content\/uploads\/2024\/08\/2-892x892.webp?resize=525%2C300&ssl=1 1.5x"},"classes":[]},{"id":346,"url":"https:\/\/rivieravenezia.it\/de\/singola\/","url_meta":{"origin":503,"position":4},"title":"Singola","author":"Johannes Unterkofler","date":"5. Juli 2024","format":false,"excerpt":"Single Room Spacious and elegantly designed in true Venetian style, these rooms offer breathtaking panoramic views of Venice or the serene lagoon. They are the perfect choice for an unforgettable experience in Venice, ideal for celebrating special moments such as honeymoons, anniversaries, or any other significant occasion. Each room provides\u2026","rel":"","context":"\u00c4hnlicher Beitrag","block_context":{"text":"\u00c4hnlicher Beitrag","link":""},"img":{"alt_text":"","src":"","width":0,"height":0},"classes":[]},{"id":594,"url":"https:\/\/rivieravenezia.it\/de\/imprint\/","url_meta":{"origin":503,"position":5},"title":"Impressum","author":"Johannes Unterkofler","date":"12. Juli 2024","format":false,"excerpt":"Imprint Contact Owner:\u00a0\u00a0Albergo Riviera von\u00a0Bravin Renato & C. s.a.s. Address:\u00a0Gran Viale S.M.Elisabetta 5 -\u00a030126 Lido (VE) - taly Phone Number:\u00a0+39 041 5260031 Fax:\u00a0+39 041 5265979 Email Adress:\u00a0info@rivieravenezia.it Mandatory Information According to \u00a7 5 Abs. 1 \u2013 E-Commerce Law (ECG) Company Name: Hotel Riviera Venezia S.r.l.\u00a0 Company Designation: Hotel Riviera Venezia\u2026","rel":"","context":"\u00c4hnlicher Beitrag","block_context":{"text":"\u00c4hnlicher Beitrag","link":""},"img":{"alt_text":"","src":"","width":0,"height":0},"classes":[]}],"_links":{"self":[{"href":"https:\/\/rivieravenezia.it\/de\/wp-json\/wp\/v2\/pages\/503","targetHints":{"allow":["GET"]}}],"collection":[{"href":"https:\/\/rivieravenezia.it\/de\/wp-json\/wp\/v2\/pages"}],"about":[{"href":"https:\/\/rivieravenezia.it\/de\/wp-json\/wp\/v2\/types\/page"}],"author":[{"embeddable":true,"href":"https:\/\/rivieravenezia.it\/de\/wp-json\/wp\/v2\/users\/227250896"}],"replies":[{"embeddable":true,"href":"https:\/\/rivieravenezia.it\/de\/wp-json\/wp\/v2\/comments?post=503"}],"version-history":[{"count":65,"href":"https:\/\/rivieravenezia.it\/de\/wp-json\/wp\/v2\/pages\/503\/revisions"}],"predecessor-version":[{"id":2366,"href":"https:\/\/rivieravenezia.it\/de\/wp-json\/wp\/v2\/pages\/503\/revisions\/2366"}],"wp:attachment":[{"href":"https:\/\/rivieravenezia.it\/de\/wp-json\/wp\/v2\/media?parent=503"}],"curies":[{"name":"wp","href":"https:\/\/api.w.org\/{rel}","templated":true}]}}